{"id":2885,"date":"2015-04-23T10:44:21","date_gmt":"2015-04-23T10:44:21","guid":{"rendered":"http:\/\/internetisimo.com\/marcoymarianew\/?page_id=2885"},"modified":"2026-02-26T23:56:58","modified_gmt":"2026-02-26T22:56:58","slug":"store","status":"publish","type":"page","link":"https:\/\/marcoymaria.com\/en\/store\/","title":{"rendered":"POINTS OF SALE"},"content":{"rendered":"<p style=\"text-align: center;\"><a href=\"http:\/\/marcoymaria.com\/wp-content\/uploads\/2013\/07\/WhatsApp-Image-2016-08-01-at-12.19.20.jpg\" class=\"fancyboxgroup\" rel=\"gallery-2885\"><img loading=\"lazy\" decoding=\"async\" class=\"aligncenter size-full wp-image-3488\" src=\"https:\/\/marcoymaria.com\/wp-content\/uploads\/2013\/07\/WhatsApp-Image-2016-08-01-at-12.19.20.jpg\" alt=\"\" width=\"761\" height=\"391\" srcset=\"https:\/\/marcoymaria.com\/wp-content\/uploads\/2013\/07\/WhatsApp-Image-2016-08-01-at-12.19.20.jpg 761w, https:\/\/marcoymaria.com\/wp-content\/uploads\/2013\/07\/WhatsApp-Image-2016-08-01-at-12.19.20-300x154.jpg 300w\" sizes=\"auto, (max-width: 761px) 100vw, 761px\" \/><\/a><\/p>\n<div style=\"text-align: center;\">\n<h3>SPAIN<\/h3>\n<p><strong>MARCO &amp; MARIA FLAGSHIP STORE<\/strong><br \/>\nC\/ P\u00e9rez Gald\u00f3s, 14<br \/>\n38002 Santa Cruz de Tenerife<br \/>\nTel. +34 922 385 155<br \/>\ntienda@marcoymaria.com<\/p>\n<p><strong>LOVE IS IN THE AIR<\/strong><br \/>\nC\/ Claudio Coello, 130<br \/>\nMadrid<\/p>\n<h3>ITALY<\/h3>\n<p><strong>REVENGE ATELIER<\/strong><br \/>\nC.so Matteotti, 54<br \/>\n25100 Brescia<\/p>\n<p><strong>PROGETTO SPOSA<\/strong><br \/>\nCorso Umberto I, 88<br \/>\n70022 Altamura (Bari)<\/p>\n<p><strong>LE FATE MILANO<\/strong><br \/>\nVia Bronzino, 3<br \/>\n20133 Milano<\/p>\n<h3>FRANCE<\/h3>\n<p><strong>NICEA MARIAGE<\/strong><br \/>\nAvenue de la R\u00e8publique, 20<br \/>\n06300 Niza<\/p>\n<h3>USA<\/h3>\n<p><strong>MARK INGRAM ATELIER<\/strong><br \/>\n515 Madison Avenue 2nd Floor<br \/>\n10022 New York<\/p>\n<p><strong>FLORA ON MADISON<\/strong><br \/>\n766 Madison Avenue<br \/>\n10065 New York<\/p>\n<p><strong>PANACHE BRIDAL<\/strong><br \/>\n9740 Wilshire<br \/>\n90212 Beverly Hills<br \/>\nCalifornia<\/p>\n<p><strong>SILHOUETTE GOWNS<\/strong><br \/>\nLakewood<br \/>\nNew Jersey<\/p>\n<p><strong>MIRA COUTURE<\/strong><br \/>\n70E Walton St 2nd floor<br \/>\n60611 Chicago<\/p>\n<h3>M\u00c9XICO<\/h3>\n<p><strong>VA DE BLANCO<\/strong><br \/>\nAv. Tamaulipas, 66<br \/>\nColonia Condesa, Cuauht\u00e9moc<br \/>\n06100 Ciudad de M\u00e9xico<\/p>\n<h3>UNITED ARAB EMIRATES<\/h3>\n<p><strong>AL BOUSHIYA<\/strong><\/p>\n<div>Avenue at Etihad Towers<\/div>\n<div>West Corniche<br \/>\nAbu Dhabi<\/div>\n<\/div>\n<div style=\"text-align: center;\">\n<div>\n<p><strong>ELILHAAM<\/strong><\/p>\n<p>Dubai<\/p>\n<\/div>\n<div>\n<h3>KUWAIT<\/h3>\n<p><strong>CASA FASHION<\/strong><\/p>\n<div>\u00a0Salem Al Mubarak Street<\/div>\n<div>Zahra Complex, Ground Floor<\/div>\n<div>Kuwait<\/div>\n<\/div>\n<\/div>\n<div style=\"text-align: center;\">\n<h3>QATAR<\/h3>\n<p><strong>THE CLOSET<\/strong><\/p>\n<p>Parcel 5 Unit 117, The Pearl<\/p>\n<p>Porto Arabia Drive, Doha<\/p>\n<h3>CHINA<\/h3>\n<p><strong>HANAS BOUTIQUE<\/strong><br \/>\nShanghai<\/p>\n<h3>JAPAN<\/h3>\n<p><strong>MIRROR MIRROR OMOTESANDO <\/strong><br \/>\nOmotesando 393 1\uff652F 3-9-3 Kitaaoyama<br \/>\nMinatoku, Tokyo<\/p>\n<p><strong>MIRROR MIRROR MARUNOUCHI<\/strong><br \/>\nMarunouchi MY PLAZA Bldg.2F, 2-1-1 Marunouchi,<br \/>\nChiyoda, Tokyo<\/p>\n<p><strong>MIRROR MIRROR YOKOHAMA<\/strong><br \/>\nMinatomirai gakuen Bldg. 1F, 1-2-15, Takashima, Kanagawa<br \/>\nNishiku, Yokohama<\/p>\n<p><strong>DRESSMORE OSAKA <\/strong><br \/>\n542-0081 2F SEDIC PLACE, 2-6-12 Minamisemba<br \/>\nChuoku, Osaka<\/p>\n<p><strong>DRESSMORE JINGUMAE<\/strong><br \/>\n150-0001 2F, Kyouseraharajuku Bld.,6-27-8, Jingumae<br \/>\nShibuya, Tokyo<\/p>\n<p><strong>DRESSMORE KYOTO<\/strong><br \/>\n604-8152 8F Kyotofukutoku Bld., Tearaimizucho, 670<br \/>\nNakagyoku, Kyoto<\/p>\n<p><strong>DRESSMORE UMEDA<\/strong><br \/>\n530-0013 8F, 7-20, Chayamachi<br \/>\nKitaku, Osaka<\/p>\n<p><strong>DRESSMORE KOBE<\/strong><br \/>\n650-0033 103-1 Kentai Bld.3F, Edomachi, Hyogo<br \/>\nChuoku, Kobe<\/p>\n<p><strong>DRESSMORE HIMEJI<\/strong><br \/>\n670-0012 680 Hommachi, Hyogo<br \/>\nHimeji-shi<\/p>\n<p><strong>WEDDING SALON INOUE<\/strong><br \/>\n650-0022 1-8-4 Motomachidori<br \/>\nChuoku, Kobe<\/p>\n<p><strong>B-DRESSER<\/strong><br \/>\n460-0003 Nishiki, 2 Chome 2 2<br \/>\nNagoya, Aichi<\/p>\n<p><strong>PLUME DRESS<br \/>\n<\/strong>Tokyo<\/p>\n<p><strong>THE TREAT DRESSING<br \/>\n<\/strong>Japan<\/p>\n<p><strong>ATELIER PURET\u00c9<br \/>\n<\/strong>Japan<\/p>\n<h3>SOUTH KOREA<\/h3>\n<p><strong>MAISON REVE<\/strong><br \/>\n7, Dosan-daero 67 gil, Gangnam-gu<br \/>\n06016 Seoul<\/p>\n<p><strong>SOYOO BRIDAL<br \/>\n<\/strong>Table 2025 B\/D 2F<br \/>\nChungdam-Dong, Gangnam-gu<br \/>\n06016 Seoul<\/p>\n<p><strong>SPOSA LINEA BRIDAL<br \/>\n<\/strong>15, Dosan-daero 63 gil, Gangnam-gu<br \/>\nSeoul<\/p>\n<p><strong>FAIRYANG<br \/>\n<\/strong>101-1, Gwangnam-ro, Suyeong-gu<br \/>\nBusan<\/p>\n<p><strong>MY DAUGHTER&#8217;S WEDDING<br \/>\n<\/strong>10-5, Dosan-daero 45 gil,<br \/>\nApgujeong-dong, Gangnam-gu<br \/>\n06021 Seoul<\/p>\n<p><strong>ATELIER RAINA<br \/>\n<\/strong>28-36 Daebong-dong,<br \/>\n41952 Daegu<\/p>\n<\/div>\n","protected":false},"excerpt":{"rendered":"<p>SPAIN MARCO &amp; MARIA FLAGSHIP STORE C\/ P\u00e9rez Gald\u00f3s, 14 38002 Santa Cruz de Tenerife Tel. +34 922 385 155 tienda@marcoymaria.com LOVE IS IN THE AIR C\/ Claudio Coello, 130 Madrid ITALY REVENGE ATELIER C.so Matteotti, 54 25100 Brescia PROGETTO SPOSA Corso Umberto I, 88 70022 Altamura (Bari) LE FATE MILANO Via Bronzino, 3 20133 Milano FRANCE NICEA MARIAGE Avenue de la R\u00e8publique, 20 06300 Niza USA MARK INGRAM ATELIER 515 Madison Avenue 2nd Floor 10022 New York FLORA ON MADISON 766 Madison Avenue 10065 New York PANACHE BRIDAL 9740 Wilshire 90212 Beverly Hills California SILHOUETTE GOWNS Lakewood New Jersey MIRA COUTURE 70E Walton St 2nd floor 60611 Chicago M\u00c9XICO VA DE BLANCO Av. Tamaulipas, 66 Colonia Condesa, Cuauht\u00e9moc 06100 Ciudad de M\u00e9xico UNITED ARAB EMIRATES AL BOUSHIYA Avenue at Etihad Towers West Corniche Abu Dhabi ELILHAAM Dubai KUWAIT CASA FASHION \u00a0Salem Al Mubarak Street Zahra Complex, Ground Floor Kuwait QATAR THE CLOSET Parcel 5 Unit 117, The Pearl Porto Arabia Drive, Doha CHINA HANAS BOUTIQUE Shanghai JAPAN MIRROR MIRROR OMOTESANDO Omotesando 393 1\uff652F 3-9-3 Kitaaoyama Minatoku, Tokyo MIRROR MIRROR MARUNOUCHI Marunouchi MY PLAZA Bldg.2F, 2-1-1 Marunouchi, Chiyoda, Tokyo MIRROR MIRROR YOKOHAMA Minatomirai gakuen Bldg. 1F, 1-2-15, Takashima, Kanagawa Nishiku, [&hellip;]<\/p>\n","protected":false},"author":1,"featured_media":0,"parent":0,"menu_order":0,"comment_status":"closed","ping_status":"closed","template":"page-fullwidth.php","meta":{"footnotes":""},"class_list":["post-2885","page","type-page","status-publish","hentry"],"yoast_head":"<!-- This site is optimized with the Yoast SEO plugin v27.5 - https:\/\/yoast.com\/product\/yoast-seo-wordpress\/ -->\n<title>POINTS OF SALE - Marco &amp; Maria<\/title>\n<meta name=\"robots\" content=\"index, follow, max-snippet:-1, max-image-preview:large, max-video-preview:-1\" \/>\n<link rel=\"canonical\" href=\"https:\/\/marcoymaria.com\/en\/store\/\" \/>\n<meta property=\"og:locale\" content=\"en_US\" \/>\n<meta property=\"og:type\" content=\"article\" \/>\n<meta property=\"og:title\" content=\"POINTS OF SALE - Marco &amp; Maria\" \/>\n<meta property=\"og:description\" content=\"SPAIN MARCO &amp; MARIA FLAGSHIP STORE C\/ P\u00e9rez Gald\u00f3s, 14 38002 Santa Cruz de Tenerife Tel. +34 922 385 155 tienda@marcoymaria.com LOVE IS IN THE AIR C\/ Claudio Coello, 130 Madrid ITALY REVENGE ATELIER C.so Matteotti, 54 25100 Brescia PROGETTO SPOSA Corso Umberto I, 88 70022 Altamura (Bari) LE FATE MILANO Via Bronzino, 3 20133 Milano FRANCE NICEA MARIAGE Avenue de la R\u00e8publique, 20 06300 Niza USA MARK INGRAM ATELIER 515 Madison Avenue 2nd Floor 10022 New York FLORA ON MADISON 766 Madison Avenue 10065 New York PANACHE BRIDAL 9740 Wilshire 90212 Beverly Hills California SILHOUETTE GOWNS Lakewood New Jersey MIRA COUTURE 70E Walton St 2nd floor 60611 Chicago M\u00c9XICO VA DE BLANCO Av. Tamaulipas, 66 Colonia Condesa, Cuauht\u00e9moc 06100 Ciudad de M\u00e9xico UNITED ARAB EMIRATES AL BOUSHIYA Avenue at Etihad Towers West Corniche Abu Dhabi ELILHAAM Dubai KUWAIT CASA FASHION \u00a0Salem Al Mubarak Street Zahra Complex, Ground Floor Kuwait QATAR THE CLOSET Parcel 5 Unit 117, The Pearl Porto Arabia Drive, Doha CHINA HANAS BOUTIQUE Shanghai JAPAN MIRROR MIRROR OMOTESANDO Omotesando 393 1\uff652F 3-9-3 Kitaaoyama Minatoku, Tokyo MIRROR MIRROR MARUNOUCHI Marunouchi MY PLAZA Bldg.2F, 2-1-1 Marunouchi, Chiyoda, Tokyo MIRROR MIRROR YOKOHAMA Minatomirai gakuen Bldg. 1F, 1-2-15, Takashima, Kanagawa Nishiku, [&hellip;]\" \/>\n<meta property=\"og:url\" content=\"https:\/\/marcoymaria.com\/en\/store\/\" \/>\n<meta property=\"og:site_name\" content=\"Marco &amp; Maria\" \/>\n<meta property=\"article:publisher\" content=\"https:\/\/www.facebook.com\/marcoymariamoda\/\" \/>\n<meta property=\"article:modified_time\" content=\"2026-02-26T22:56:58+00:00\" \/>\n<meta property=\"og:image\" content=\"https:\/\/marcoymaria.com\/wp-content\/uploads\/2013\/07\/WhatsApp-Image-2016-08-01-at-12.19.20.jpg\" \/>\n\t<meta property=\"og:image:width\" content=\"761\" \/>\n\t<meta property=\"og:image:height\" content=\"391\" \/>\n\t<meta property=\"og:image:type\" content=\"image\/jpeg\" \/>\n<meta name=\"twitter:card\" content=\"summary_large_image\" \/>\n<meta name=\"twitter:site\" content=\"@MarcoyMariaMODA\" \/>\n<meta name=\"twitter:label1\" content=\"Est. reading time\" \/>\n\t<meta name=\"twitter:data1\" content=\"2 minutes\" \/>\n<script type=\"application\/ld+json\" class=\"yoast-schema-graph\">{\"@context\":\"https:\\\/\\\/schema.org\",\"@graph\":[{\"@type\":\"WebPage\",\"@id\":\"https:\\\/\\\/marcoymaria.com\\\/en\\\/store\\\/\",\"url\":\"https:\\\/\\\/marcoymaria.com\\\/en\\\/store\\\/\",\"name\":\"POINTS OF SALE - Marco &amp; Maria\",\"isPartOf\":{\"@id\":\"https:\\\/\\\/marcoymaria.com\\\/#website\"},\"primaryImageOfPage\":{\"@id\":\"https:\\\/\\\/marcoymaria.com\\\/en\\\/store\\\/#primaryimage\"},\"image\":{\"@id\":\"https:\\\/\\\/marcoymaria.com\\\/en\\\/store\\\/#primaryimage\"},\"thumbnailUrl\":\"https:\\\/\\\/marcoymaria.com\\\/wp-content\\\/uploads\\\/2013\\\/07\\\/WhatsApp-Image-2016-08-01-at-12.19.20.jpg\",\"datePublished\":\"2015-04-23T10:44:21+00:00\",\"dateModified\":\"2026-02-26T22:56:58+00:00\",\"breadcrumb\":{\"@id\":\"https:\\\/\\\/marcoymaria.com\\\/en\\\/store\\\/#breadcrumb\"},\"inLanguage\":\"en-US\",\"potentialAction\":[{\"@type\":\"ReadAction\",\"target\":[\"https:\\\/\\\/marcoymaria.com\\\/en\\\/store\\\/\"]}]},{\"@type\":\"ImageObject\",\"inLanguage\":\"en-US\",\"@id\":\"https:\\\/\\\/marcoymaria.com\\\/en\\\/store\\\/#primaryimage\",\"url\":\"https:\\\/\\\/marcoymaria.com\\\/wp-content\\\/uploads\\\/2013\\\/07\\\/WhatsApp-Image-2016-08-01-at-12.19.20.jpg\",\"contentUrl\":\"https:\\\/\\\/marcoymaria.com\\\/wp-content\\\/uploads\\\/2013\\\/07\\\/WhatsApp-Image-2016-08-01-at-12.19.20.jpg\"},{\"@type\":\"BreadcrumbList\",\"@id\":\"https:\\\/\\\/marcoymaria.com\\\/en\\\/store\\\/#breadcrumb\",\"itemListElement\":[{\"@type\":\"ListItem\",\"position\":1,\"name\":\"Portada\",\"item\":\"https:\\\/\\\/marcoymaria.com\\\/\"},{\"@type\":\"ListItem\",\"position\":2,\"name\":\"POINTS OF SALE\"}]},{\"@type\":\"WebSite\",\"@id\":\"https:\\\/\\\/marcoymaria.com\\\/#website\",\"url\":\"https:\\\/\\\/marcoymaria.com\\\/\",\"name\":\"Marco&Mar\u00eda\",\"description\":\"Bridal &amp; Eveningwear - Moda Nupcial, de fiesta y de noche\",\"publisher\":{\"@id\":\"https:\\\/\\\/marcoymaria.com\\\/#organization\"},\"potentialAction\":[{\"@type\":\"SearchAction\",\"target\":{\"@type\":\"EntryPoint\",\"urlTemplate\":\"https:\\\/\\\/marcoymaria.com\\\/?s={search_term_string}\"},\"query-input\":{\"@type\":\"PropertyValueSpecification\",\"valueRequired\":true,\"valueName\":\"search_term_string\"}}],\"inLanguage\":\"en-US\"},{\"@type\":\"Organization\",\"@id\":\"https:\\\/\\\/marcoymaria.com\\\/#organization\",\"name\":\"Marco & Mar\u00eda\",\"url\":\"https:\\\/\\\/marcoymaria.com\\\/\",\"logo\":{\"@type\":\"ImageObject\",\"inLanguage\":\"en-US\",\"@id\":\"https:\\\/\\\/marcoymaria.com\\\/#\\\/schema\\\/logo\\\/image\\\/\",\"url\":\"https:\\\/\\\/marcoymaria.com\\\/wp-content\\\/uploads\\\/2018\\\/03\\\/logo-web.jpg\",\"contentUrl\":\"https:\\\/\\\/marcoymaria.com\\\/wp-content\\\/uploads\\\/2018\\\/03\\\/logo-web.jpg\",\"width\":477,\"height\":318,\"caption\":\"Marco & Mar\u00eda\"},\"image\":{\"@id\":\"https:\\\/\\\/marcoymaria.com\\\/#\\\/schema\\\/logo\\\/image\\\/\"},\"sameAs\":[\"https:\\\/\\\/www.facebook.com\\\/marcoymariamoda\\\/\",\"https:\\\/\\\/x.com\\\/MarcoyMariaMODA\",\"https:\\\/\\\/www.instagram.com\\\/marcoymaria\",\"https:\\\/\\\/www.youtube.com\\\/channel\\\/UCp_UsxrYWxwH2tP7Ux60XPA\"]}]}<\/script>\n<!-- \/ Yoast SEO plugin. -->","yoast_head_json":{"title":"POINTS OF SALE - Marco &amp; Maria","robots":{"index":"index","follow":"follow","max-snippet":"max-snippet:-1","max-image-preview":"max-image-preview:large","max-video-preview":"max-video-preview:-1"},"canonical":"https:\/\/marcoymaria.com\/en\/store\/","og_locale":"en_US","og_type":"article","og_title":"POINTS OF SALE - Marco &amp; Maria","og_description":"SPAIN MARCO &amp; MARIA FLAGSHIP STORE C\/ P\u00e9rez Gald\u00f3s, 14 38002 Santa Cruz de Tenerife Tel. +34 922 385 155 tienda@marcoymaria.com LOVE IS IN THE AIR C\/ Claudio Coello, 130 Madrid ITALY REVENGE ATELIER C.so Matteotti, 54 25100 Brescia PROGETTO SPOSA Corso Umberto I, 88 70022 Altamura (Bari) LE FATE MILANO Via Bronzino, 3 20133 Milano FRANCE NICEA MARIAGE Avenue de la R\u00e8publique, 20 06300 Niza USA MARK INGRAM ATELIER 515 Madison Avenue 2nd Floor 10022 New York FLORA ON MADISON 766 Madison Avenue 10065 New York PANACHE BRIDAL 9740 Wilshire 90212 Beverly Hills California SILHOUETTE GOWNS Lakewood New Jersey MIRA COUTURE 70E Walton St 2nd floor 60611 Chicago M\u00c9XICO VA DE BLANCO Av. Tamaulipas, 66 Colonia Condesa, Cuauht\u00e9moc 06100 Ciudad de M\u00e9xico UNITED ARAB EMIRATES AL BOUSHIYA Avenue at Etihad Towers West Corniche Abu Dhabi ELILHAAM Dubai KUWAIT CASA FASHION \u00a0Salem Al Mubarak Street Zahra Complex, Ground Floor Kuwait QATAR THE CLOSET Parcel 5 Unit 117, The Pearl Porto Arabia Drive, Doha CHINA HANAS BOUTIQUE Shanghai JAPAN MIRROR MIRROR OMOTESANDO Omotesando 393 1\uff652F 3-9-3 Kitaaoyama Minatoku, Tokyo MIRROR MIRROR MARUNOUCHI Marunouchi MY PLAZA Bldg.2F, 2-1-1 Marunouchi, Chiyoda, Tokyo MIRROR MIRROR YOKOHAMA Minatomirai gakuen Bldg. 1F, 1-2-15, Takashima, Kanagawa Nishiku, [&hellip;]","og_url":"https:\/\/marcoymaria.com\/en\/store\/","og_site_name":"Marco &amp; Maria","article_publisher":"https:\/\/www.facebook.com\/marcoymariamoda\/","article_modified_time":"2026-02-26T22:56:58+00:00","og_image":[{"width":761,"height":391,"url":"https:\/\/marcoymaria.com\/wp-content\/uploads\/2013\/07\/WhatsApp-Image-2016-08-01-at-12.19.20.jpg","type":"image\/jpeg"}],"twitter_card":"summary_large_image","twitter_site":"@MarcoyMariaMODA","twitter_misc":{"Est. reading time":"2 minutes"},"schema":{"@context":"https:\/\/schema.org","@graph":[{"@type":"WebPage","@id":"https:\/\/marcoymaria.com\/en\/store\/","url":"https:\/\/marcoymaria.com\/en\/store\/","name":"POINTS OF SALE - Marco &amp; Maria","isPartOf":{"@id":"https:\/\/marcoymaria.com\/#website"},"primaryImageOfPage":{"@id":"https:\/\/marcoymaria.com\/en\/store\/#primaryimage"},"image":{"@id":"https:\/\/marcoymaria.com\/en\/store\/#primaryimage"},"thumbnailUrl":"https:\/\/marcoymaria.com\/wp-content\/uploads\/2013\/07\/WhatsApp-Image-2016-08-01-at-12.19.20.jpg","datePublished":"2015-04-23T10:44:21+00:00","dateModified":"2026-02-26T22:56:58+00:00","breadcrumb":{"@id":"https:\/\/marcoymaria.com\/en\/store\/#breadcrumb"},"inLanguage":"en-US","potentialAction":[{"@type":"ReadAction","target":["https:\/\/marcoymaria.com\/en\/store\/"]}]},{"@type":"ImageObject","inLanguage":"en-US","@id":"https:\/\/marcoymaria.com\/en\/store\/#primaryimage","url":"https:\/\/marcoymaria.com\/wp-content\/uploads\/2013\/07\/WhatsApp-Image-2016-08-01-at-12.19.20.jpg","contentUrl":"https:\/\/marcoymaria.com\/wp-content\/uploads\/2013\/07\/WhatsApp-Image-2016-08-01-at-12.19.20.jpg"},{"@type":"BreadcrumbList","@id":"https:\/\/marcoymaria.com\/en\/store\/#breadcrumb","itemListElement":[{"@type":"ListItem","position":1,"name":"Portada","item":"https:\/\/marcoymaria.com\/"},{"@type":"ListItem","position":2,"name":"POINTS OF SALE"}]},{"@type":"WebSite","@id":"https:\/\/marcoymaria.com\/#website","url":"https:\/\/marcoymaria.com\/","name":"Marco&Mar\u00eda","description":"Bridal &amp; Eveningwear - Moda Nupcial, de fiesta y de noche","publisher":{"@id":"https:\/\/marcoymaria.com\/#organization"},"potentialAction":[{"@type":"SearchAction","target":{"@type":"EntryPoint","urlTemplate":"https:\/\/marcoymaria.com\/?s={search_term_string}"},"query-input":{"@type":"PropertyValueSpecification","valueRequired":true,"valueName":"search_term_string"}}],"inLanguage":"en-US"},{"@type":"Organization","@id":"https:\/\/marcoymaria.com\/#organization","name":"Marco & Mar\u00eda","url":"https:\/\/marcoymaria.com\/","logo":{"@type":"ImageObject","inLanguage":"en-US","@id":"https:\/\/marcoymaria.com\/#\/schema\/logo\/image\/","url":"https:\/\/marcoymaria.com\/wp-content\/uploads\/2018\/03\/logo-web.jpg","contentUrl":"https:\/\/marcoymaria.com\/wp-content\/uploads\/2018\/03\/logo-web.jpg","width":477,"height":318,"caption":"Marco & Mar\u00eda"},"image":{"@id":"https:\/\/marcoymaria.com\/#\/schema\/logo\/image\/"},"sameAs":["https:\/\/www.facebook.com\/marcoymariamoda\/","https:\/\/x.com\/MarcoyMariaMODA","https:\/\/www.instagram.com\/marcoymaria","https:\/\/www.youtube.com\/channel\/UCp_UsxrYWxwH2tP7Ux60XPA"]}]}},"_links":{"self":[{"href":"https:\/\/marcoymaria.com\/en\/wp-json\/wp\/v2\/pages\/2885","targetHints":{"allow":["GET"]}}],"collection":[{"href":"https:\/\/marcoymaria.com\/en\/wp-json\/wp\/v2\/pages"}],"about":[{"href":"https:\/\/marcoymaria.com\/en\/wp-json\/wp\/v2\/types\/page"}],"author":[{"embeddable":true,"href":"https:\/\/marcoymaria.com\/en\/wp-json\/wp\/v2\/users\/1"}],"replies":[{"embeddable":true,"href":"https:\/\/marcoymaria.com\/en\/wp-json\/wp\/v2\/comments?post=2885"}],"version-history":[{"count":98,"href":"https:\/\/marcoymaria.com\/en\/wp-json\/wp\/v2\/pages\/2885\/revisions"}],"predecessor-version":[{"id":13679,"href":"https:\/\/marcoymaria.com\/en\/wp-json\/wp\/v2\/pages\/2885\/revisions\/13679"}],"wp:attachment":[{"href":"https:\/\/marcoymaria.com\/en\/wp-json\/wp\/v2\/media?parent=2885"}],"curies":[{"name":"wp","href":"https:\/\/api.w.org\/{rel}","templated":true}]}}